{"id":3393,"date":"2024-02-21T10:07:36","date_gmt":"2024-02-21T15:07:36","guid":{"rendered":"https:\/\/aubergefestive.com\/nous-joindre\/"},"modified":"2024-04-23T16:54:17","modified_gmt":"2024-04-23T20:54:17","slug":"contact-info","status":"publish","type":"page","link":"https:\/\/aubergefestive.com\/en\/contact-info\/","title":{"rendered":"CONTACT INFO"},"content":{"rendered":"<div class=\"htb htb-hero   htb-uid-1  bg-color color-purple\" >\n\t<div class=\"container-xxl\">\n\t\t<div class=\"row\">\n\t\t\t<div class=\"col-12\">\n\t\t\t\t<div class=\"content-box\">\n\t\t\t\t\t<h1>CONTACT INFO<\/h1>\t\t\t\t\t\t\t\t\t\t\t\t\t\t<\/div>\n\t\t\t<\/div>\n\t\t<\/div>\n\t<\/div>\n\t\t\t<div class=\"img-box\">\n\t\t\t<img decoding=\"async\" src=\"https:\/\/auberge-seashack.s3.bhs.io.cloud.ovh.net\/2024\/03\/personne-chill-jaune.png\" alt=\"\" class=\"img-fluid\">\n\t\t<\/div>\n\t<\/div>\n\n\n<div class=\"wp-bootstrap-blocks-container container-xxl mb-0 hide\">\n\t\n\n<div style=\"height:140px\" aria-hidden=\"true\" class=\"wp-block-spacer\"><\/div>\n\n\n<div class=\"wp-bootstrap-blocks-row row gx-0\">\n\t\n\n<div class=\"col-12 col-md-6 col-xxl-4\">\n\t\t\t<div class=\"p-5\">\n\t\t\t\n\n<h5 class=\"wp-block-heading has-text-color has-link-color wp-elements-4607cb4f8d2a0f90199a721cd9f02abc\" style=\"color:#6a1bff\">AUBERGE FESTIVE SEA SHACK<\/h5>\n\n\n\n<p>292, Boul. Perron Est<br>Sainte-Anne-des-Monts<br>Qu\u00e9bec, G4V 3A7<br><br><strong>T\u00e9l\u00e9phone : 1-418-763-2999<br>Sans frais : 1-866-963-2999<\/strong><\/p>\n\n\n\n<div style=\"height:60px\" aria-hidden=\"true\" class=\"wp-block-spacer\"><\/div>\n\n\n\n<h5 class=\"wp-block-heading has-text-color has-link-color wp-elements-8661881e4dd33b058e95d07fb7826abe\" style=\"color:#6a1bff\">INFORMATIONS \u2028G\u00c9N\u00c9RALES<\/h5>\n\n\n\n<p><a href=\"mailto:info@aubergefestive.com\">info@aubergefestive.com<\/a><\/p>\n\n\t\t<\/div>\n\t<\/div>\n\n\n\n<div class=\"col-12 col-md-6 col-xxl-4\">\n\t\t\t<div class=\"p-5\">\n\t\t\t\n\n<h5 class=\"wp-block-heading has-text-color has-link-color wp-elements-a134f0b7aaf4c7e0d7afee9f521a5503\" style=\"color:#6a1bff\">DIRECTION DES OP\u00c9RATIONS \u2028TOURISTIQUES ET DES RESSOURCES HUMAINES<\/h5>\n\n\n\n<p><strong>Guillaume Rioux : <\/strong><a href=\"mailto:guillaume@aubergefestive.com\">guillaume@aubergefestive.com<\/a><\/p>\n\n\n\n<div style=\"height:60px\" aria-hidden=\"true\" class=\"wp-block-spacer\"><\/div>\n\n\n\n<h5 class=\"wp-block-heading has-text-color has-link-color wp-elements-f556465e302d07b4043904ca2ed9067a\" style=\"color:#6a1bff\">DIRECTION MARKETING, DES R\u00c9SEAUX SOCIAUX ET GRAPHISTE<\/h5>\n\n\n\n<p><strong>Marika Rioux : <\/strong><a href=\"mailto:marika@aubergefestive.com\">marika@aubergefestive.com<\/a><\/p>\n\n\t\t<\/div>\n\t<\/div>\n\n\n\n<div class=\"col-12 col-md-6 col-xxl-4\">\n\t\t\t<div class=\"p-5\">\n\t\t\t\n\n<h5 class=\"wp-block-heading has-text-color has-link-color wp-elements-7dd193b5ca75a3d7a8d2637934331dae\" style=\"color:#6a1bff\">HEURE D\u2019OUVERTURE \u2028(2<code> <\/code>JUIN AU 23 SEPTEMBRE 2023)<\/h5>\n\n\n\n<p><strong>ACCUEIL :<\/strong><br>08h00 \u00e0 21h00<br><br><strong>BAR :<\/strong><br>12h00 \u00e0 02h00*<br><br><strong>LIVRAISON :<\/strong><br>08h00 \u00e0 17h00<\/p>\n\n\n\n<div style=\"height:60px\" aria-hidden=\"true\" class=\"wp-block-spacer\"><\/div>\n\n\n\n<h5 class=\"wp-block-heading has-text-color has-link-color wp-elements-dd8caa6cc83e4d13b25256a2d3197a6c\" style=\"color:#6a1bff\">PROGRAMMATION DES SPECTACLES ET ANIMATIONS<\/h5>\n\n\n\n<p><a href=\"mailto:booking@aubergefestive.com\">booking@aubergefestive.com<\/a><\/p>\n\n\t\t<\/div>\n\t<\/div>\n\n<\/div>\n\n<\/div>\n\n\n<div class=\"wp-bootstrap-blocks-container container-xxl mb-0\">\n\t\n\n<div style=\"height:140px\" aria-hidden=\"true\" class=\"wp-block-spacer\"><\/div>\n\n\n<div class=\"wp-bootstrap-blocks-row row gx-0\">\n\t\n\n<div class=\"col-12 col-md-6 col-xxl-4\">\n\t\t\t<div class=\"p-5\">\n\t\t\t\n\n<h5 class=\"wp-block-heading has-text-color has-link-color wp-elements-4607cb4f8d2a0f90199a721cd9f02abc\" style=\"color:#6a1bff\">AUBERGE FESTIVE SEA SHACK<\/h5>\n\n\n\n<p>292, Boul. Perron Est<br>Sainte-Anne-des-Monts<br>Qu\u00e9bec, G4V 3A7<br><br><strong><strong>Phone number:<\/strong><\/strong><br><strong> 1-418-763-2999<br><strong>Toll free:<\/strong> 1-866-963-2999<\/strong><\/p>\n\n\t\t<\/div>\n\t<\/div>\n\n\n\n<div class=\"col-12 col-md-6 col-xxl-4\">\n\t\t\t<div class=\"p-5\">\n\t\t\t\n\n<h5 class=\"wp-block-heading has-text-color has-link-color wp-elements-f20d5e87690168ee3dbbcc252b3747f0\" style=\"color:#6a1bff\"><strong>TOURISM OPERATIONS AND HUMAN RESOURCES DEPARTMENT<\/strong><\/h5>\n\n\n\n<p><strong>Alexis Poirier:<\/strong><br><a href=\"mailto:alexis@aubergefestive.com\">alexis@aubergefestive.com<\/a><\/p>\n\n\t\t<\/div>\n\t<\/div>\n\n\n\n<div class=\"col-12 col-md-6 col-xxl-4\">\n\t\t\t<div class=\"p-5\">\n\t\t\t\n\n<h5 class=\"wp-block-heading has-text-color has-link-color wp-elements-e5ff817999b59b51f22e00f987e282cb\" style=\"color:#6a1bff\"><strong>SHOWS AND EVENTS PROGRAMING<\/strong><\/h5>\n\n\n\n<p><a href=\"mailto:booking@aubergefestive.com\">booking@aubergefestive.com<\/a><\/p>\n\n\t\t<\/div>\n\t<\/div>\n\n\n\n<div class=\"col-12 col-md-6 col-xxl-4\">\n\t\t\t<div class=\"p-5\">\n\t\t\t\n\n<h5 class=\"wp-block-heading has-text-color has-link-color wp-elements-b45fcb88ebcf270d2f782c4c88a5c6b6\" style=\"color:#6a1bff\"><strong>GENERAL INFORMATION<\/strong><\/h5>\n\n\n\n<p><a href=\"mailto:info@aubergefestive.com\">info@aubergefestive.com<\/a><\/p>\n\n\t\t<\/div>\n\t<\/div>\n\n\n\n<div class=\"col-12 col-md-6 col-xxl-4\">\n\t\t\t<div class=\"p-5\">\n\t\t\t\n\n<h5 class=\"wp-block-heading has-text-color has-link-color wp-elements-27c8e6a5161e8d991e7f54973691d3b5\" style=\"color:#6a1bff\"><strong>MARKETING, SOCIAL MEDIA AND GRAPHIC DESIGNER<\/strong><\/h5>\n\n\n\n<p><strong>Marika Rioux : <\/strong><a href=\"mailto:marika@aubergefestive.com\">marika@aubergefestive.com<\/a><\/p>\n\n\t\t<\/div>\n\t<\/div>\n\n\n\n<div class=\"col-12 col-md-6 col-xxl-4\">\n\t\t\t<div class=\"p-5\">\n\t\t\t\n\n<h5 class=\"wp-block-heading has-text-color has-link-color wp-elements-86a295a78d018d3298dfab07283738ef\" style=\"color:#6a1bff\"><\/h5>\n\n\t\t<\/div>\n\t<\/div>\n\n<\/div>\n\n<\/div>","protected":false},"excerpt":{"rendered":"","protected":false},"author":1,"featured_media":0,"parent":0,"menu_order":0,"comment_status":"closed","ping_status":"closed","template":"","meta":{"_acf_changed":false,"footnotes":""},"class_list":["post-3393","page","type-page","status-publish","hentry"],"acf":[],"yoast_head":"<!-- This site is optimized with the Yoast SEO plugin v27.1.1 - https:\/\/yoast.com\/product\/yoast-seo-wordpress\/ -->\n<title>CONTACT INFO - Auberge Festive Sea Shack<\/title>\n<meta name=\"robots\" content=\"index, follow, max-snippet:-1, max-image-preview:large, max-video-preview:-1\" \/>\n<link rel=\"canonical\" href=\"https:\/\/aubergefestive.com\/en\/contact-info\/\" \/>\n<meta property=\"og:locale\" content=\"en_US\" \/>\n<meta property=\"og:type\" content=\"article\" \/>\n<meta property=\"og:title\" content=\"CONTACT INFO - Auberge Festive Sea Shack\" \/>\n<meta property=\"og:url\" content=\"https:\/\/aubergefestive.com\/en\/contact-info\/\" \/>\n<meta property=\"og:site_name\" content=\"Auberge Festive Sea Shack\" \/>\n<meta property=\"article:modified_time\" content=\"2024-04-23T20:54:17+00:00\" \/>\n<meta property=\"og:image\" content=\"https:\/\/auberge-seashack.s3.bhs.io.cloud.ovh.net\/2024\/04\/sea-shack-smo.jpg\" \/>\n\t<meta property=\"og:image:width\" content=\"1200\" \/>\n\t<meta property=\"og:image:height\" content=\"675\" \/>\n\t<meta property=\"og:image:type\" content=\"image\/jpeg\" \/>\n<meta name=\"twitter:card\" content=\"summary_large_image\" \/>\n<meta name=\"twitter:label1\" content=\"Est. reading time\" \/>\n\t<meta name=\"twitter:data1\" content=\"1 minute\" \/>\n<script type=\"application\/ld+json\" class=\"yoast-schema-graph\">{\"@context\":\"https:\/\/schema.org\",\"@graph\":[{\"@type\":\"WebPage\",\"@id\":\"https:\/\/aubergefestive.com\/en\/contact-info\/\",\"url\":\"https:\/\/aubergefestive.com\/en\/contact-info\/\",\"name\":\"CONTACT INFO - Auberge Festive Sea Shack\",\"isPartOf\":{\"@id\":\"https:\/\/aubergefestive.com\/en\/#website\"},\"datePublished\":\"2024-02-21T15:07:36+00:00\",\"dateModified\":\"2024-04-23T20:54:17+00:00\",\"breadcrumb\":{\"@id\":\"https:\/\/aubergefestive.com\/en\/contact-info\/#breadcrumb\"},\"inLanguage\":\"en-US\",\"potentialAction\":[{\"@type\":\"ReadAction\",\"target\":[\"https:\/\/aubergefestive.com\/en\/contact-info\/\"]}]},{\"@type\":\"BreadcrumbList\",\"@id\":\"https:\/\/aubergefestive.com\/en\/contact-info\/#breadcrumb\",\"itemListElement\":[{\"@type\":\"ListItem\",\"position\":1,\"name\":\"Home\",\"item\":\"https:\/\/aubergefestive.com\/en\/\"},{\"@type\":\"ListItem\",\"position\":2,\"name\":\"CONTACT INFO\"}]},{\"@type\":\"WebSite\",\"@id\":\"https:\/\/aubergefestive.com\/en\/#website\",\"url\":\"https:\/\/aubergefestive.com\/en\/\",\"name\":\"Auberge Festive Sea Shack\",\"description\":\"\",\"publisher\":{\"@id\":\"https:\/\/aubergefestive.com\/en\/#organization\"},\"potentialAction\":[{\"@type\":\"SearchAction\",\"target\":{\"@type\":\"EntryPoint\",\"urlTemplate\":\"https:\/\/aubergefestive.com\/en\/?s={search_term_string}\"},\"query-input\":{\"@type\":\"PropertyValueSpecification\",\"valueRequired\":true,\"valueName\":\"search_term_string\"}}],\"inLanguage\":\"en-US\"},{\"@type\":\"Organization\",\"@id\":\"https:\/\/aubergefestive.com\/en\/#organization\",\"name\":\"Auberge Festive Sea Shack\",\"url\":\"https:\/\/aubergefestive.com\/en\/\",\"logo\":{\"@type\":\"ImageObject\",\"inLanguage\":\"en-US\",\"@id\":\"https:\/\/aubergefestive.com\/en\/#\/schema\/logo\/image\/\",\"url\":\"https:\/\/auberge-seashack.s3.bhs.io.cloud.ovh.net\/2024\/04\/sea-shack-logo-smo.jpg\",\"contentUrl\":\"https:\/\/auberge-seashack.s3.bhs.io.cloud.ovh.net\/2024\/04\/sea-shack-logo-smo.jpg\",\"width\":696,\"height\":696,\"caption\":\"Auberge Festive Sea Shack\"},\"image\":{\"@id\":\"https:\/\/aubergefestive.com\/en\/#\/schema\/logo\/image\/\"}}]}<\/script>\n<!-- \/ Yoast SEO plugin. -->","yoast_head_json":{"title":"CONTACT INFO - Auberge Festive Sea Shack","robots":{"index":"index","follow":"follow","max-snippet":"max-snippet:-1","max-image-preview":"max-image-preview:large","max-video-preview":"max-video-preview:-1"},"canonical":"https:\/\/aubergefestive.com\/en\/contact-info\/","og_locale":"en_US","og_type":"article","og_title":"CONTACT INFO - Auberge Festive Sea Shack","og_url":"https:\/\/aubergefestive.com\/en\/contact-info\/","og_site_name":"Auberge Festive Sea Shack","article_modified_time":"2024-04-23T20:54:17+00:00","og_image":[{"width":1200,"height":675,"url":"https:\/\/auberge-seashack.s3.bhs.io.cloud.ovh.net\/2024\/04\/sea-shack-smo.jpg","type":"image\/jpeg"}],"twitter_card":"summary_large_image","twitter_misc":{"Est. reading time":"1 minute"},"schema":{"@context":"https:\/\/schema.org","@graph":[{"@type":"WebPage","@id":"https:\/\/aubergefestive.com\/en\/contact-info\/","url":"https:\/\/aubergefestive.com\/en\/contact-info\/","name":"CONTACT INFO - Auberge Festive Sea Shack","isPartOf":{"@id":"https:\/\/aubergefestive.com\/en\/#website"},"datePublished":"2024-02-21T15:07:36+00:00","dateModified":"2024-04-23T20:54:17+00:00","breadcrumb":{"@id":"https:\/\/aubergefestive.com\/en\/contact-info\/#breadcrumb"},"inLanguage":"en-US","potentialAction":[{"@type":"ReadAction","target":["https:\/\/aubergefestive.com\/en\/contact-info\/"]}]},{"@type":"BreadcrumbList","@id":"https:\/\/aubergefestive.com\/en\/contact-info\/#breadcrumb","itemListElement":[{"@type":"ListItem","position":1,"name":"Home","item":"https:\/\/aubergefestive.com\/en\/"},{"@type":"ListItem","position":2,"name":"CONTACT INFO"}]},{"@type":"WebSite","@id":"https:\/\/aubergefestive.com\/en\/#website","url":"https:\/\/aubergefestive.com\/en\/","name":"Auberge Festive Sea Shack","description":"","publisher":{"@id":"https:\/\/aubergefestive.com\/en\/#organization"},"potentialAction":[{"@type":"SearchAction","target":{"@type":"EntryPoint","urlTemplate":"https:\/\/aubergefestive.com\/en\/?s={search_term_string}"},"query-input":{"@type":"PropertyValueSpecification","valueRequired":true,"valueName":"search_term_string"}}],"inLanguage":"en-US"},{"@type":"Organization","@id":"https:\/\/aubergefestive.com\/en\/#organization","name":"Auberge Festive Sea Shack","url":"https:\/\/aubergefestive.com\/en\/","logo":{"@type":"ImageObject","inLanguage":"en-US","@id":"https:\/\/aubergefestive.com\/en\/#\/schema\/logo\/image\/","url":"https:\/\/auberge-seashack.s3.bhs.io.cloud.ovh.net\/2024\/04\/sea-shack-logo-smo.jpg","contentUrl":"https:\/\/auberge-seashack.s3.bhs.io.cloud.ovh.net\/2024\/04\/sea-shack-logo-smo.jpg","width":696,"height":696,"caption":"Auberge Festive Sea Shack"},"image":{"@id":"https:\/\/aubergefestive.com\/en\/#\/schema\/logo\/image\/"}}]}},"_links":{"self":[{"href":"https:\/\/aubergefestive.com\/en\/wp-json\/wp\/v2\/pages\/3393","targetHints":{"allow":["GET"]}}],"collection":[{"href":"https:\/\/aubergefestive.com\/en\/wp-json\/wp\/v2\/pages"}],"about":[{"href":"https:\/\/aubergefestive.com\/en\/wp-json\/wp\/v2\/types\/page"}],"author":[{"embeddable":true,"href":"https:\/\/aubergefestive.com\/en\/wp-json\/wp\/v2\/users\/1"}],"replies":[{"embeddable":true,"href":"https:\/\/aubergefestive.com\/en\/wp-json\/wp\/v2\/comments?post=3393"}],"version-history":[{"count":2,"href":"https:\/\/aubergefestive.com\/en\/wp-json\/wp\/v2\/pages\/3393\/revisions"}],"predecessor-version":[{"id":3850,"href":"https:\/\/aubergefestive.com\/en\/wp-json\/wp\/v2\/pages\/3393\/revisions\/3850"}],"wp:attachment":[{"href":"https:\/\/aubergefestive.com\/en\/wp-json\/wp\/v2\/media?parent=3393"}],"curies":[{"name":"wp","href":"https:\/\/api.w.org\/{rel}","templated":true}]}}